{"id":1240,"date":"2025-07-29T06:25:27","date_gmt":"2025-07-29T04:25:27","guid":{"rendered":"https:\/\/academiatactica.com\/ArnobySinam\/?page_id=1240"},"modified":"2025-08-15T01:22:37","modified_gmt":"2025-08-14T23:22:37","slug":"instructores","status":"publish","type":"page","link":"https:\/\/academiatactica.com\/ArnobySinam\/instructores\/","title":{"rendered":"Instructores"},"content":{"rendered":"\t\t<div data-elementor-type=\"wp-page\" data-elementor-id=\"1240\" class=\"elementor elementor-1240\" data-elementor-post-type=\"page\">\n\t\t\t\t<div class=\"elementor-element elementor-element-7d35351 e-flex e-con-boxed e-con e-parent\" data-id=\"7d35351\" data-element_type=\"container\" data-settings=\"{&quot;background_background&quot;:&quot;classic&quot;}\">\n\t\t\t\t\t<div class=\"e-con-inner\">\n\t\t\t\t<div class=\"elementor-element elementor-element-23be045 elementor-widget elementor-widget-heading\" data-id=\"23be045\" data-element_type=\"widget\" data-widget_type=\"heading.default\">\n\t\t\t\t\t<h2 class=\"elementor-heading-title elementor-size-default\">INSTRUCTORES DE LA ACADEMIA T\u00c1CTICA COLOMBIA<\/h2>\t\t\t\t<\/div>\n\t\t\t\t\t<\/div>\n\t\t\t\t<\/div>\n\t\t<div class=\"elementor-element elementor-element-746aa43 e-flex e-con-boxed e-con e-parent\" data-id=\"746aa43\" data-element_type=\"container\">\n\t\t\t\t\t<div class=\"e-con-inner\">\n\t\t<div class=\"elementor-element elementor-element-1a5d50d e-con-full e-flex e-con e-child\" data-id=\"1a5d50d\" data-element_type=\"container\">\n\t\t<div class=\"elementor-element elementor-element-0c4fda2 e-con-full e-flex e-con e-child\" data-id=\"0c4fda2\" data-element_type=\"container\">\n\t\t\t\t<div class=\"elementor-element elementor-element-89d14d3 elementor-widget elementor-widget-image\" data-id=\"89d14d3\" data-element_type=\"widget\" data-widget_type=\"image.default\">\n\t\t\t\t\t\t\t\t\t\t\t\t\t\t\t<img fetchpriority=\"high\" decoding=\"async\" width=\"480\" height=\"719\" src=\"https:\/\/academiatactica.com\/ArnobySinam\/wp-content\/uploads\/2025\/08\/Instructor1G.jpg\" class=\"attachment-large size-large wp-image-1967\" alt=\"ARNOBY SINAM\" srcset=\"https:\/\/academiatactica.com\/ArnobySinam\/wp-content\/uploads\/2025\/08\/Instructor1G.jpg 480w, https:\/\/academiatactica.com\/ArnobySinam\/wp-content\/uploads\/2025\/08\/Instructor1G-200x300.jpg 200w\" sizes=\"(max-width: 480px) 100vw, 480px\" \/>\t\t\t\t\t\t\t\t\t\t\t\t\t\t\t<\/div>\n\t\t\t\t<div class=\"elementor-element elementor-element-bd2cafe elementor-widget elementor-widget-text-editor\" data-id=\"bd2cafe\" data-element_type=\"widget\" data-widget_type=\"text-editor.default\">\n\t\t\t\t\t\t\t\t\t<h5 style=\"text-align: center;\"><span style=\"color: #ff9900;\"><strong>DIRECTOR &#8211; INSTRUCTOR<\/strong><\/span><\/h5>\t\t\t\t\t\t\t\t<\/div>\n\t\t\t\t<\/div>\n\t\t<div class=\"elementor-element elementor-element-a79d664 e-con-full e-flex e-con e-child\" data-id=\"a79d664\" data-element_type=\"container\">\n\t\t\t\t<div class=\"elementor-element elementor-element-441732d elementor-widget elementor-widget-heading\" data-id=\"441732d\" data-element_type=\"widget\" data-widget_type=\"heading.default\">\n\t\t\t\t\t<h3 class=\"elementor-heading-title elementor-size-default\">Lic. Arnoby Sinam Alba: Pionero del Ninjutsu en Colombia<\/h3>\t\t\t\t<\/div>\n\t\t\t\t<div class=\"elementor-element elementor-element-71ec2f2 elementor-widget elementor-widget-text-editor\" data-id=\"71ec2f2\" data-element_type=\"widget\" data-widget_type=\"text-editor.default\">\n\t\t\t\t\t\t\t\t\t<p>El <strong>Licenciado Arnoby Sinam Alba<\/strong> es una figura ic\u00f3nica en el mundo de las Artes Marciales en Colombia, conocido por ser el <strong>instructor m\u00e1s antiguo de la Bujinkan D\u00f4j\u00f4<\/strong> y uno de los primeros en introducir el arte Ninja en el pa\u00eds. Ha dedicado m\u00e1s de 40 a\u00f1os a estudiar las Artes Marciales.<\/p><h3><span style=\"color: #ff9900;\">Trayectoria y Logros<\/span><\/h3><p>Graduado en Educaci\u00f3n F\u00edsica, Recreaci\u00f3n y Deportes por la Universidad de Pamplona en 1998, Arnoby Sinam Alba se convirti\u00f3 en el primer colombiano en viajar a Jap\u00f3n (febrero de 2002) para entrenar directamente con el S\u00f4ke Masaaki Hatsumi, jefe de la Bujinkan. All\u00ed, obtuvo el prestigioso t\u00edtulo de Shid\u00f4shi tras aprobar el riguroso examen Sakki Jutsu.<\/p><p>Arnoby Sinam Alba ha sido un verdadero pionero del <strong>Ninjutsu en Colombia<\/strong>. Fund\u00f3 la Bujinkan en el departamento de Norte de Santander en 1994, y posteriormente estableci\u00f3 sedes en Valledupar (2003) y Bucaramanga (2005). Adem\u00e1s, ha viajado anualmente a pa\u00edses como Jap\u00f3n, Estados Unidos, Espa\u00f1a, Argentina, Chile, Ecuador, Venezuela y M\u00e9xico para enriquecer su conocimiento y habilidades.<\/p><h3><span style=\"color: #ff9900;\">Reconocimientos y Distinciones<\/span><\/h3><ul><li><strong>10mo Dan y Shihan<\/strong>: En marzo de 2008, en Noda, Jap\u00f3n, recibi\u00f3 el diploma de 10mo Dan, elev\u00e1ndose al rango de Shihan.<\/li><li><strong>Medalla de Oro de la Bujinkan D\u00f4j\u00f4<\/strong>: En septiembre de 2012, Masaaki Hatsumi le otorg\u00f3 en Jap\u00f3n esta prestigiosa medalla en reconocimiento a su contribuci\u00f3n a las artes marciales en Colombia.<\/li><li><strong>DaiShihan<\/strong>: En 2020, recibi\u00f3 este t\u00edtulo, enviado desde Jap\u00f3n por el Maestro Hatsumi, como m\u00e9rito a su dedicaci\u00f3n a la Bujinkan D\u00f4j\u00f4.<\/li><\/ul>\t\t\t\t\t\t\t\t<\/div>\n\t\t\t\t<\/div>\n\t\t\t\t<\/div>\n\t\t\t\t\t<\/div>\n\t\t\t\t<\/div>\n\t\t<div class=\"elementor-element elementor-element-5e3b8f0 e-flex e-con-boxed e-con e-parent\" data-id=\"5e3b8f0\" data-element_type=\"container\">\n\t\t\t\t\t<div class=\"e-con-inner\">\n\t\t<div class=\"elementor-element elementor-element-ba3b456 e-con-full e-flex e-con e-child\" data-id=\"ba3b456\" data-element_type=\"container\">\n\t\t<div class=\"elementor-element elementor-element-2d1e7b8 e-con-full e-flex e-con e-child\" data-id=\"2d1e7b8\" data-element_type=\"container\">\n\t\t\t\t<div class=\"elementor-element elementor-element-3b3f635 elementor-widget elementor-widget-text-editor\" data-id=\"3b3f635\" data-element_type=\"widget\" data-widget_type=\"text-editor.default\">\n\t\t\t\t\t\t\t\t\t<h3><span style=\"color: #ff9900;\">Cursos y Certificaciones<\/span><\/h3><p>A lo largo de su carrera, el Lic. Arnoby Sinam Alba ha completado numerosos cursos y certificaciones, entre los que se incluyen:<\/p><ul><li><strong>Entrenamiento Funcional<\/strong>: Certificaci\u00f3n por IHP (International Human Performance) de Boca Rat\u00f3n, USA.<\/li><li><strong>Entrenamiento con Kettlebell<\/strong>: Certificaci\u00f3n en entrenamiento con pesas rusas por KTC Colombia.<\/li><li><strong>Entrenamiento Battle Rope:<\/strong> Certificaci\u00f3n en entrenamiento con soga de batalla por DR ROPE Colombia.<\/li><li><strong>Supervivencia:<\/strong> IASA SURVIVAL con sede en Costa Rica.<\/li><li><strong>Escolta:<\/strong> Certificaciones Nivel 1, 2 y 3 de ESNAVI LTDA.<\/li><\/ul><h3><span style=\"color: #ff9900;\">Experiencia Profesional<\/span><\/h3><p>Arnoby Sinam Alba ha trabajado como instructor de escoltas y vigilantes, especializado en defensa personal y protecci\u00f3n a dignatarios. Tambi\u00e9n ha sido instructor de Artes Marciales para grupos de fuerzas militares y policiales en Colombia. Adem\u00e1s, ha dirigido cursos de tiro con armas de fuego, tiro con arco y airsoft; adem\u00e1s de\u00a0 supervivencia y defensa personal en Colombia y Ecuador.<\/p><p>En 2022, particip\u00f3 en dos grandes eventos en M\u00e9xico, incluyendo un seminario de Batt\u00f4 Jutsu (espada japonesa) dirigido por el maestro japon\u00e9s Ide Ryusetsu y un evento de la Bujinkan D\u00f4j\u00f4 dirigido por el maestro franc\u00e9s Kacem Zoughari.<\/p><h3><span style=\"color: #ff9900;\">Presencia en Medios y Proyectos<\/span><\/h3><p>Arnoby Sinam Alba es el protagonista de la serie de televisi\u00f3n <strong>DESAF\u00cdO X2 Colombia<\/strong> de Discovery Channel, donde ense\u00f1a t\u00e9cnicas de supervivencia desde una perspectiva militar. Adem\u00e1s, es el fundador de la empresa Tienda Marcial en el a\u00f1o 2009, empresa dedicada a la importaci\u00f3n y venta de productos para Artes Marciales y Militares en Colombia; su web es <strong><a href=\"http:\/\/www.TiendaMarcial.com\" target=\"_new\" rel=\"noreferrer\">www.TiendaMarcial.com<\/a><\/strong><\/p><p>El Licenciado Arnoby Sinam Alba no solo es un maestro de Artes Marciales, sino tambi\u00e9n un innovador y l\u00edder en la difusi\u00f3n del Ninjutsu en Colombia. Su dedicaci\u00f3n y logros lo han consolidado como una autoridad respetada en el mundo del Ninjutsu y las Artes Marciales a nivel internacional.<\/p>\t\t\t\t\t\t\t\t<\/div>\n\t\t\t\t<\/div>\n\t\t\t\t<\/div>\n\t\t\t\t\t<\/div>\n\t\t\t\t<\/div>\n\t\t<div class=\"elementor-element elementor-element-64062de e-flex e-con-boxed e-con e-parent\" data-id=\"64062de\" data-element_type=\"container\">\n\t\t\t\t\t<div class=\"e-con-inner\">\n\t\t<div class=\"elementor-element elementor-element-d824c0d e-con-full e-flex e-con e-child\" data-id=\"d824c0d\" data-element_type=\"container\" data-settings=\"{&quot;background_background&quot;:&quot;classic&quot;}\">\n\t\t<div class=\"elementor-element elementor-element-5cc536a e-con-full e-flex e-con e-child\" data-id=\"5cc536a\" data-element_type=\"container\">\n\t\t\t\t<div class=\"elementor-element elementor-element-847b920 elementor-widget elementor-widget-image\" data-id=\"847b920\" data-element_type=\"widget\" data-widget_type=\"image.default\">\n\t\t\t\t\t\t\t\t\t\t\t\t\t\t\t<img decoding=\"async\" width=\"480\" height=\"719\" src=\"https:\/\/academiatactica.com\/ArnobySinam\/wp-content\/uploads\/2025\/07\/Instructor2.jpg\" class=\"attachment-large size-large wp-image-1452\" alt=\"\" srcset=\"https:\/\/academiatactica.com\/ArnobySinam\/wp-content\/uploads\/2025\/07\/Instructor2.jpg 480w, https:\/\/academiatactica.com\/ArnobySinam\/wp-content\/uploads\/2025\/07\/Instructor2-200x300.jpg 200w\" sizes=\"(max-width: 480px) 100vw, 480px\" \/>\t\t\t\t\t\t\t\t\t\t\t\t\t\t\t<\/div>\n\t\t\t\t<div class=\"elementor-element elementor-element-cf02282 elementor-widget elementor-widget-text-editor\" data-id=\"cf02282\" data-element_type=\"widget\" data-widget_type=\"text-editor.default\">\n\t\t\t\t\t\t\t\t\t<h5 style=\"text-align: center;\"><span style=\"color: #ff9900;\"><strong>INSTRUCTOR<\/strong><\/span><\/h5>\t\t\t\t\t\t\t\t<\/div>\n\t\t\t\t<\/div>\n\t\t<div class=\"elementor-element elementor-element-7c4d634 e-con-full e-flex e-con e-child\" data-id=\"7c4d634\" data-element_type=\"container\">\n\t\t\t\t<div class=\"elementor-element elementor-element-3b897f8 elementor-widget elementor-widget-heading\" data-id=\"3b897f8\" data-element_type=\"widget\" data-widget_type=\"heading.default\">\n\t\t\t\t\t<h3 class=\"elementor-heading-title elementor-size-default\">Carlos Amaya Carrillo: L\u00edder en el Mundo del Airsoft y Fundador de Clubes de Elite<\/h3>\t\t\t\t<\/div>\n\t\t\t\t<div class=\"elementor-element elementor-element-cdc0c11 elementor-widget elementor-widget-text-editor\" data-id=\"cdc0c11\" data-element_type=\"widget\" data-widget_type=\"text-editor.default\">\n\t\t\t\t\t\t\t\t\t<p class=\"selectable-text copyable-text x15bjb6t x1n2onr6\" dir=\"ltr\"><span class=\"selectable-text copyable-text\"><strong>Carlos Amaya<\/strong> es una figura destacada en el \u00e1mbito del airsoft, con una impresionante trayectoria de 19 a\u00f1os de experiencia. Su pasi\u00f3n y dedicaci\u00f3n lo han llevado a establecerse como un l\u00edder tanto en Colombia como en Espa\u00f1a.<\/span><\/p><h3 class=\"selectable-text copyable-text x15bjb6t x1n2onr6\" dir=\"ltr\"><span class=\"selectable-text copyable-text\" style=\"color: #ff9900;\">Trayectoria y Experiencia<\/span><\/h3><ul><li class=\"selectable-text copyable-text x15bjb6t x1n2onr6\" dir=\"ltr\"><span class=\"selectable-text copyable-text\">19 a\u00f1os de experiencia en el airsoft.\u00a0<\/span><\/li><li class=\"selectable-text copyable-text x15bjb6t x1n2onr6\" dir=\"ltr\"><span class=\"selectable-text copyable-text\">13 a\u00f1os en Colombia y 6 a\u00f1os en Espa\u00f1a, acumulando un vasto conocimiento y experiencia en el deporte.<\/span><\/li><\/ul><h3 class=\"selectable-text copyable-text x15bjb6t x1n2onr6\" dir=\"ltr\"><span class=\"selectable-text copyable-text\" style=\"color: #ff9900;\">Logros y Fundaciones<\/span><\/h3><ul><li class=\"selectable-text copyable-text x15bjb6t x1n2onr6\" dir=\"ltr\"><span class=\"selectable-text copyable-text\">Fundador del Club Ares de Bucaramanga: Carlos Amaya inici\u00f3 el prestigioso Club Ares, consolid\u00e1ndolo como un referente en el airsoft en Bucaramanga.<\/span><\/li><li class=\"selectable-text copyable-text x15bjb6t x1n2onr6\" dir=\"ltr\"><span class=\"selectable-text copyable-text\">Actual Presidente del Club Bucaramanga: Su liderazgo y visi\u00f3n contin\u00faan guiando al club hacia nuevas alturas.<\/span><\/li><li class=\"selectable-text copyable-text x15bjb6t x1n2onr6\" dir=\"ltr\"><span class=\"selectable-text copyable-text\">Creador y Propietario de CQB Bucaramanga y CQB Valledupar: Dos de los m\u00e1s reconocidos centros de airsoft en Colombia, ofreciendo instalaciones de primera clase y experiencias inolvidables.<\/span><\/li><li class=\"selectable-text copyable-text x15bjb6t x1n2onr6\" dir=\"ltr\"><span class=\"selectable-text copyable-text\">Creador y Socio de Army Park: Un espacio innovador dedicado a los entusiastas del airsoft, proporcionando un ambiente seguro y emocionante para todos los participantes.<\/span><\/li><\/ul><p class=\"selectable-text copyable-text x15bjb6t x1n2onr6\" dir=\"ltr\">\u00a0<\/p>\t\t\t\t\t\t\t\t<\/div>\n\t\t\t\t<\/div>\n\t\t\t\t<\/div>\n\t\t\t\t\t<\/div>\n\t\t\t\t<\/div>\n\t\t<div class=\"elementor-element elementor-element-c72cb06 e-flex e-con-boxed e-con e-parent\" data-id=\"c72cb06\" data-element_type=\"container\" data-settings=\"{&quot;background_background&quot;:&quot;classic&quot;}\">\n\t\t\t\t\t<div class=\"e-con-inner\">\n\t\t<div class=\"elementor-element elementor-element-7b99bcc e-con-full e-flex e-con e-child\" data-id=\"7b99bcc\" data-element_type=\"container\" data-settings=\"{&quot;background_background&quot;:&quot;classic&quot;}\">\n\t\t<div class=\"elementor-element elementor-element-b732a02 e-con-full e-flex e-con e-child\" data-id=\"b732a02\" data-element_type=\"container\">\n\t\t\t\t<div class=\"elementor-element elementor-element-9562c6b elementor-widget elementor-widget-text-editor\" data-id=\"9562c6b\" data-element_type=\"widget\" data-widget_type=\"text-editor.default\">\n\t\t\t\t\t\t\t\t\t<h3 class=\"selectable-text copyable-text x15bjb6t x1n2onr6\" dir=\"ltr\"><span class=\"selectable-text copyable-text\" style=\"color: #ff9900;\">Participaci\u00f3n en Organizaciones<\/span><\/h3><ul><li class=\"selectable-text copyable-text x15bjb6t x1n2onr6\" dir=\"ltr\"><span class=\"selectable-text copyable-text\">Ex-miembro de la Federaci\u00f3n Espa\u00f1ola de Airsoft: Carlos Amaya tuvo sus inicios en este maravilloso deporte en Espa\u00f1a, donde vivi\u00f3 por varios a\u00f1os y en donde tuvo su desarrollo en este deporte.<\/span><\/li><li class=\"selectable-text copyable-text x15bjb6t x1n2onr6\" dir=\"ltr\"><span class=\"selectable-text copyable-text\">Miembro del Comit\u00e9 Disciplinario de Capitanes de Airsoft de Colombia: Contribuyendo a mantener la integridad y el fair play dentro de la comunidad de airsoft en Colombia.<\/span><\/li><li class=\"selectable-text copyable-text x15bjb6t x1n2onr6\" dir=\"ltr\"><span class=\"selectable-text copyable-text\">Carlos Amaya Carrillo no solo ha demostrado ser un apasionado del airsoft, sino tambi\u00e9n un innovador y l\u00edder en la creaci\u00f3n de clubes y espacios dedicados a este deporte. Su experiencia internacional y su compromiso con la comunidad lo posicionan como una autoridad en el mundo del airsoft en Colombia.<\/span><\/li><\/ul><h3><span style=\"color: #ff9900;\">Formaci\u00f3n y Entrenamiento<\/span><\/h3><p>En Espa\u00f1a, Carlos Amaya recibi\u00f3 entrenamiento especializado del ej\u00e9rcito espa\u00f1ol y del personal de la Ertzaintza en combate urbano. Esta formaci\u00f3n complement\u00f3 la instrucci\u00f3n militar recibida en el colegio militar, del cual es egresado.<\/p><h3><span style=\"color: #ff9900;\">Eventos Destacados<\/span><\/h3><ul><li><strong>Torneo CQB Escopeta &#8211; Bucaramanga<\/strong><\/li><li><strong>Torneo CQB Pistola &#8211; Bucaramanga<\/strong><\/li><li><strong>Torneo CQB Sub Fusil &#8211; Bucaramanga<\/strong><\/li><li><strong>Evento Nacional: Palonegro<\/strong>: M\u00e1s de 100 asistentes.<\/li><li><strong>Colaboraci\u00f3n Nacional: Amigos del Airsoft 8<\/strong>: M\u00e1s de 400 asistentes.<\/li><li><strong>Seminario de Tiro T\u00e1ctico:<\/strong> Evento donde particip\u00f3 como instructor de tiro con pistola<b>.<\/b><\/li><li><strong>Colaboraci\u00f3n con el Ej\u00e9rcito de Colombia<\/strong>\u00a0para entrenamiento de combate urbano.<\/li><\/ul><h3><span style=\"color: #ff9900;\">Participaci\u00f3n en Eventos de Airsoft<\/span><\/h3><p>Carlos Amaya ha participado como jugador en numerosos eventos de airsoft en las siguientes ciudades de Colombia:<\/p><ul><li><strong>C\u00facuta<\/strong><\/li><li><strong>Bogot\u00e1<\/strong><\/li><li><strong>Cali<\/strong><\/li><li><strong>Neiva<\/strong><\/li><li><strong>Barranquilla<\/strong><\/li><li><strong>Manizales<\/strong><\/li><li><strong>Tomin\u00e9<\/strong><\/li><\/ul><h3><span style=\"color: #ff9900;\">Compromiso con la Educaci\u00f3n y el Entrenamiento<\/span><\/h3><p>Carlos Amaya ha proporcionado asistencia y direcci\u00f3n en pol\u00edgonos para los colegios militares de Bucaramanga y El Socorro, demostrando su dedicaci\u00f3n a la formaci\u00f3n de nuevas generaciones en t\u00e9cnicas de defensa y combate.<\/p>\t\t\t\t\t\t\t\t<\/div>\n\t\t\t\t<\/div>\n\t\t\t\t<\/div>\n\t\t\t\t\t<\/div>\n\t\t\t\t<\/div>\n\t\t<div class=\"elementor-element elementor-element-287c1e1 e-flex e-con-boxed e-con e-parent\" data-id=\"287c1e1\" data-element_type=\"container\">\n\t\t\t\t\t<div class=\"e-con-inner\">\n\t\t<div class=\"elementor-element elementor-element-4c2db75 e-con-full e-flex e-con e-child\" data-id=\"4c2db75\" data-element_type=\"container\" data-settings=\"{&quot;background_background&quot;:&quot;classic&quot;}\">\n\t\t<div class=\"elementor-element elementor-element-cf52d09 e-con-full e-flex e-con e-child\" data-id=\"cf52d09\" data-element_type=\"container\">\n\t\t\t\t<div class=\"elementor-element elementor-element-ac2bd05 elementor-widget elementor-widget-image\" data-id=\"ac2bd05\" data-element_type=\"widget\" data-widget_type=\"image.default\">\n\t\t\t\t\t\t\t\t\t\t\t\t\t\t\t<img decoding=\"async\" width=\"480\" height=\"719\" src=\"https:\/\/academiatactica.com\/ArnobySinam\/wp-content\/uploads\/2025\/07\/Instructor3C.jpg\" class=\"attachment-large size-large wp-image-1925\" alt=\"\" srcset=\"https:\/\/academiatactica.com\/ArnobySinam\/wp-content\/uploads\/2025\/07\/Instructor3C.jpg 480w, https:\/\/academiatactica.com\/ArnobySinam\/wp-content\/uploads\/2025\/07\/Instructor3C-200x300.jpg 200w\" sizes=\"(max-width: 480px) 100vw, 480px\" \/>\t\t\t\t\t\t\t\t\t\t\t\t\t\t\t<\/div>\n\t\t\t\t<div class=\"elementor-element elementor-element-65e1aee elementor-widget elementor-widget-text-editor\" data-id=\"65e1aee\" data-element_type=\"widget\" data-widget_type=\"text-editor.default\">\n\t\t\t\t\t\t\t\t\t<h5 style=\"text-align: center;\"><span style=\"color: #ff9900;\"><strong>INSTRUCTOR<\/strong><\/span><\/h5>\t\t\t\t\t\t\t\t<\/div>\n\t\t\t\t<\/div>\n\t\t<div class=\"elementor-element elementor-element-af5f979 e-con-full e-flex e-con e-child\" data-id=\"af5f979\" data-element_type=\"container\">\n\t\t\t\t<div class=\"elementor-element elementor-element-c219eb6 elementor-widget elementor-widget-heading\" data-id=\"c219eb6\" data-element_type=\"widget\" data-widget_type=\"heading.default\">\n\t\t\t\t\t<h3 class=\"elementor-heading-title elementor-size-default\">Ct. Pedro Alexander G\u00f3mez: Instructor Militar retirado del <br>Ej\u00e9rcito de Colombia.<\/h3>\t\t\t\t<\/div>\n\t\t\t\t<div class=\"elementor-element elementor-element-f7b2b7d elementor-widget elementor-widget-text-editor\" data-id=\"f7b2b7d\" data-element_type=\"widget\" data-widget_type=\"text-editor.default\">\n\t\t\t\t\t\t\t\t\t<p><strong>Pedro Alexander G\u00f3mez Pe\u00f1aloza<\/strong> es un destacado instructor de la Academia T\u00e1ctica, con una s\u00f3lida trayectoria en el \u00e1mbito militar. Su vasta experiencia y conocimientos en diversas \u00e1reas del combate y la protecci\u00f3n lo convierten en una figura clave dentro de nuestra instituci\u00f3n.<\/p><h4><span style=\"color: #ff9900;\">Trayectoria Militar<\/span><\/h4><p><strong>Capit\u00e1n retirado del ej\u00e9rcito nacional<\/strong>, Pedro Alexander G\u00f3mez Pe\u00f1aloza perteneci\u00f3 al arma de infanter\u00eda, donde se especializ\u00f3 en operaciones de asalto a\u00e9reo, combate rural y combate urbano. Su carrera en el ej\u00e9rcito le ha brindado una comprensi\u00f3n profunda y pr\u00e1ctica de diversas t\u00e1cticas y estrategias militares.<\/p><h4><span style=\"color: #ff9900;\">Cursos y Especializaciones<\/span><\/h4><p>A lo largo de su carrera, el Capit\u00e1n G\u00f3mez Pe\u00f1aloza ha completado numerosos cursos de alta exigencia y especializaci\u00f3n, entre los que se incluyen:<\/p><ul><li><strong>Lancero<\/strong>: Un curso que se centra en t\u00e9cnicas avanzadas de combate y supervivencia.<\/li><li><strong>Contra Guerrilla<\/strong>: Formaci\u00f3n espec\u00edfica para enfrentar y neutralizar amenazas insurgentes.<\/li><li><strong>Tirador de Alta Precisi\u00f3n<\/strong>: Especializaci\u00f3n en t\u00e9cnicas de francotirador y precisi\u00f3n en el tiro.<\/li><li><strong>Combate Urbano<\/strong>: Entrenamiento intensivo en t\u00e1cticas y estrategias para operar en entornos urbanos.<\/li><li><strong>Protecci\u00f3n a Dignatarios<\/strong>: Curso centrado en la seguridad y protecci\u00f3n de figuras importantes.<\/li><\/ul>\t\t\t\t\t\t\t\t<\/div>\n\t\t\t\t<\/div>\n\t\t\t\t<\/div>\n\t\t\t\t\t<\/div>\n\t\t\t\t<\/div>\n\t\t<div class=\"elementor-element elementor-element-011d17d e-flex e-con-boxed e-con e-parent\" data-id=\"011d17d\" data-element_type=\"container\">\n\t\t\t\t\t<div class=\"e-con-inner\">\n\t\t<div class=\"elementor-element elementor-element-6a501a9 e-con-full e-flex e-con e-child\" data-id=\"6a501a9\" data-element_type=\"container\" data-settings=\"{&quot;background_background&quot;:&quot;classic&quot;}\">\n\t\t<div class=\"elementor-element elementor-element-f9b9b56 e-con-full e-flex e-con e-child\" data-id=\"f9b9b56\" data-element_type=\"container\">\n\t\t\t\t<div class=\"elementor-element elementor-element-26ddc96 elementor-widget elementor-widget-text-editor\" data-id=\"26ddc96\" data-element_type=\"widget\" data-widget_type=\"text-editor.default\">\n\t\t\t\t\t\t\t\t\t<h4><span style=\"color: #ff9900;\">Experiencia en Rappel<\/span><\/h4><p>Pedro Alexander G\u00f3mez Pe\u00f1aloza es un conocedor experto en t\u00e9cnicas de descenso en <strong>rappel (r\u00e1pel)<\/strong>, una habilidad que ha perfeccionado durante m\u00e1s de <strong>27 a\u00f1os<\/strong>. Su experiencia en este campo es invaluable para la formaci\u00f3n de nuestros alumnos en operaciones que requieren descensos r\u00e1pidos y seguros.<\/p><h4><span style=\"color: #ff9900;\">Coordinador Militar<\/span><\/h4><p>Actualmente, el Capit\u00e1n G\u00f3mez Pe\u00f1aloza se desempe\u00f1a como <strong>coordinador militar del Colegio Militar General Santander de Bucaramanga<\/strong>. En esta posici\u00f3n, supervisa y dirige programas de formaci\u00f3n militar, asegurando que los cadetes reciban una educaci\u00f3n y entrenamiento de la m\u00e1s alta calidad.<\/p>\t\t\t\t\t\t\t\t<\/div>\n\t\t\t\t<\/div>\n\t\t\t\t<\/div>\n\t\t\t\t\t<\/div>\n\t\t\t\t<\/div>\n\t\t\t\t<\/div>\n\t\t","protected":false},"excerpt":{"rendered":"<p>INSTRUCTORES DE LA ACADEMIA T\u00c1CTICA COLOMBIA DIRECTOR &#8211; INSTRUCTOR Lic. Arnoby Sinam Alba: Pionero del Ninjutsu en Colombia El Licenciado Arnoby Sinam Alba es una figura ic\u00f3nica en el mundo de las Artes Marciales en Colombia, conocido por ser el instructor m\u00e1s antiguo de la Bujinkan D\u00f4j\u00f4 y uno de los primeros en introducir el [&hellip;]<\/p>\n","protected":false},"author":1,"featured_media":0,"parent":0,"menu_order":0,"comment_status":"closed","ping_status":"closed","template":"","meta":{"ngg_post_thumbnail":0,"footnotes":""},"class_list":["post-1240","page","type-page","status-publish","hentry"],"_links":{"self":[{"href":"https:\/\/academiatactica.com\/ArnobySinam\/wp-json\/wp\/v2\/pages\/1240","targetHints":{"allow":["GET"]}}],"collection":[{"href":"https:\/\/academiatactica.com\/ArnobySinam\/wp-json\/wp\/v2\/pages"}],"about":[{"href":"https:\/\/academiatactica.com\/ArnobySinam\/wp-json\/wp\/v2\/types\/page"}],"author":[{"embeddable":true,"href":"https:\/\/academiatactica.com\/ArnobySinam\/wp-json\/wp\/v2\/users\/1"}],"replies":[{"embeddable":true,"href":"https:\/\/academiatactica.com\/ArnobySinam\/wp-json\/wp\/v2\/comments?post=1240"}],"version-history":[{"count":46,"href":"https:\/\/academiatactica.com\/ArnobySinam\/wp-json\/wp\/v2\/pages\/1240\/revisions"}],"predecessor-version":[{"id":2020,"href":"https:\/\/academiatactica.com\/ArnobySinam\/wp-json\/wp\/v2\/pages\/1240\/revisions\/2020"}],"wp:attachment":[{"href":"https:\/\/academiatactica.com\/ArnobySinam\/wp-json\/wp\/v2\/media?parent=1240"}],"curies":[{"name":"wp","href":"https:\/\/api.w.org\/{rel}","templated":true}]}}